{"id":6741,"date":"2025-12-31T12:21:46","date_gmt":"2025-12-31T12:21:46","guid":{"rendered":"https:\/\/berninaexpresstickets.com\/divulgation-daffiliation\/"},"modified":"2026-03-02T08:35:06","modified_gmt":"2026-03-02T08:35:06","slug":"divulgation-daffiliation","status":"publish","type":"page","link":"https:\/\/berninaexpresstickets.com\/fr\/divulgation-daffiliation\/","title":{"rendered":"Divulgation d\u2019affiliation"},"content":{"rendered":"<style>.kadence-column5290_2ae1e7-28 > .kt-inside-inner-col,.kadence-column5290_2ae1e7-28 > .kt-inside-inner-col:before{border-top-left-radius:0px;border-top-right-radius:0px;border-bottom-right-radius:0px;border-bottom-left-radius:0px;}.kadence-column5290_2ae1e7-28 > .kt-inside-inner-col{column-gap:var(--global-kb-gap-sm, 1rem);}.kadence-column5290_2ae1e7-28 > .kt-inside-inner-col{flex-direction:column;}.kadence-column5290_2ae1e7-28 > .kt-inside-inner-col > .aligncenter{width:100%;}.kadence-column5290_2ae1e7-28 > .kt-inside-inner-col:before{opacity:0.3;}.kadence-column5290_2ae1e7-28{position:relative;}@media all and (max-width: 1024px){.kadence-column5290_2ae1e7-28 > .kt-inside-inner-col{flex-direction:column;justify-content:center;}}@media all and (max-width: 767px){.kadence-column5290_2ae1e7-28 > .kt-inside-inner-col{flex-direction:column;justify-content:center;}}<\/style>\n<div class=\"wp-block-kadence-column kadence-column5290_2ae1e7-28 alignfull\"><div class=\"kt-inside-inner-col\"><style>.kadence-column5290_9a60c4-8b > .kt-inside-inner-col{min-height:25vh;}.kadence-column5290_9a60c4-8b > .kt-inside-inner-col,.kadence-column5290_9a60c4-8b > .kt-inside-inner-col:before{border-top-left-radius:0px;border-top-right-radius:0px;border-bottom-right-radius:0px;border-bottom-left-radius:0px;}.kadence-column5290_9a60c4-8b > .kt-inside-inner-col{column-gap:var(--global-kb-gap-sm, 1rem);}.kadence-column5290_9a60c4-8b > .kt-inside-inner-col{flex-direction:column;}.kadence-column5290_9a60c4-8b > .kt-inside-inner-col > .aligncenter{width:100%;}.kadence-column5290_9a60c4-8b > .kt-inside-inner-col{background-image:url('https:\/\/berninaexpresstickets.com\/wp-content\/uploads\/2024\/06\/Bernina-Express-Tickets-5.jpg');background-size:cover;background-position:49% 10%;background-attachment:scroll;background-repeat:no-repeat;}.kadence-column5290_9a60c4-8b > .kt-inside-inner-col:before{opacity:0.3;}.kadence-column5290_9a60c4-8b{position:relative;}@media all and (max-width: 1024px){.kadence-column5290_9a60c4-8b > .kt-inside-inner-col{flex-direction:column;justify-content:center;}}@media all and (max-width: 767px){.kadence-column5290_9a60c4-8b > .kt-inside-inner-col{flex-direction:column;justify-content:center;}}<\/style>\n<div class=\"wp-block-kadence-column kadence-column5290_9a60c4-8b kvs-lg-false kvs-md-false alignfull\"><div class=\"kt-inside-inner-col\"><\/div><\/div>\n\n\n<style>.kadence-column5290_ab68a6-9a{max-width:595px;margin-left:auto;margin-right:auto;}.wp-block-kadence-column.kb-section-dir-horizontal:not(.kb-section-md-dir-vertical)>.kt-inside-inner-col>.kadence-column5290_ab68a6-9a{-webkit-flex:0 1 595px;flex:0 1 595px;max-width:unset;margin-left:unset;margin-right:unset;}.kadence-column5290_ab68a6-9a > .kt-inside-inner-col,.kadence-column5290_ab68a6-9a > .kt-inside-inner-col:before{border-top-left-radius:0px;border-top-right-radius:0px;border-bottom-right-radius:0px;border-bottom-left-radius:0px;}.kadence-column5290_ab68a6-9a > .kt-inside-inner-col{column-gap:var(--global-kb-gap-sm, 1rem);}.kadence-column5290_ab68a6-9a > .kt-inside-inner-col{flex-direction:column;}.kadence-column5290_ab68a6-9a > .kt-inside-inner-col > .aligncenter{width:100%;}.kadence-column5290_ab68a6-9a > .kt-inside-inner-col:before{opacity:0.3;}.kadence-column5290_ab68a6-9a{position:relative;}.kadence-column5290_ab68a6-9a, .kt-inside-inner-col > .kadence-column5290_ab68a6-9a:not(.specificity){margin-right:10vw;margin-left:10vw;}@media all and (min-width: 1025px){.wp-block-kadence-column.kb-section-dir-horizontal>.kt-inside-inner-col>.kadence-column5290_ab68a6-9a{-webkit-flex:0 1 595px;flex:0 1 595px;max-width:unset;margin-left:unset;margin-right:unset;}}@media all and (max-width: 1024px){.kadence-column5290_ab68a6-9a > .kt-inside-inner-col{flex-direction:column;justify-content:center;}}@media all and (max-width: 767px){.wp-block-kadence-column.kb-section-sm-dir-vertical:not(.kb-section-sm-dir-horizontal):not(.kb-section-sm-dir-specificity)>.kt-inside-inner-col>.kadence-column5290_ab68a6-9a{max-width:595px;-webkit-flex:1;flex:1;margin-left:auto;margin-right:auto;}.kadence-column5290_ab68a6-9a > .kt-inside-inner-col{flex-direction:column;justify-content:center;}}<\/style>\n<div class=\"wp-block-kadence-column kadence-column5290_ab68a6-9a kvs-lg-false kvs-md-false pagetitlebox\"><div class=\"kt-inside-inner-col\"><style>.wp-block-kadence-advancedheading.kt-adv-heading5290_274881-ce, .wp-block-kadence-advancedheading.kt-adv-heading5290_274881-ce[data-kb-block=\"kb-adv-heading5290_274881-ce\"]{padding-top:var(--global-kb-spacing-md, 2rem);padding-right:var(--global-kb-spacing-md, 2rem);padding-bottom:var(--global-kb-spacing-md, 2rem);padding-left:var(--global-kb-spacing-md, 2rem);margin-top:-50px;text-align:center;font-size:var(--global-kb-font-size-md, 1.25rem);font-style:normal;background-color:#ffffff;border-top-left-radius:20px;border-top-right-radius:20px;border-bottom-right-radius:20px;border-bottom-left-radius:20px;}.wp-block-kadence-advancedheading.kt-adv-heading5290_274881-ce mark.kt-highlight, .wp-block-kadence-advancedheading.kt-adv-heading5290_274881-ce[data-kb-block=\"kb-adv-heading5290_274881-ce\"] mark.kt-highlight{font-style:normal;color:#f76a0c;-webkit-box-decoration-break:clone;box-decoration-break:clone;padding-top:0px;padding-right:0px;padding-bottom:0px;padding-left:0px;}.wp-block-kadence-advancedheading.kt-adv-heading5290_274881-ce img.kb-inline-image, .wp-block-kadence-advancedheading.kt-adv-heading5290_274881-ce[data-kb-block=\"kb-adv-heading5290_274881-ce\"] img.kb-inline-image{width:150px;vertical-align:baseline;}<\/style>\n<h2 class=\"kt-adv-heading5290_274881-ce wp-block-kadence-advancedheading has-kb-palette-0-color has-text-color\" data-kb-block=\"kb-adv-heading5290_274881-ce\"><strong><strong>Divulgation d\u2019affiliation<\/strong><\/strong><\/h2>\n<\/div><\/div>\n\n\n<style>.kadence-column5290_2606ba-f2 > .kt-inside-inner-col{min-height:45vh;}.kadence-column5290_2606ba-f2 > .kt-inside-inner-col,.kadence-column5290_2606ba-f2 > .kt-inside-inner-col:before{border-top-left-radius:0px;border-top-right-radius:0px;border-bottom-right-radius:0px;border-bottom-left-radius:0px;}.kadence-column5290_2606ba-f2 > .kt-inside-inner-col{column-gap:var(--global-kb-gap-sm, 1rem);}.kadence-column5290_2606ba-f2 > .kt-inside-inner-col{flex-direction:column;}.kadence-column5290_2606ba-f2 > .kt-inside-inner-col > .aligncenter{width:100%;}.kadence-column5290_2606ba-f2 > .kt-inside-inner-col{background-image:url('https:\/\/berninaexpresstickets.com\/wp-content\/uploads\/2024\/06\/Bernina-Express-Tickets-5.jpg');background-size:cover;background-position:49% 10%;background-attachment:scroll;background-repeat:no-repeat;}.kadence-column5290_2606ba-f2 > .kt-inside-inner-col:before{opacity:0.3;}.kadence-column5290_2606ba-f2{position:relative;}@media all and (max-width: 1024px){.kadence-column5290_2606ba-f2 > .kt-inside-inner-col{flex-direction:column;justify-content:center;}}@media all and (max-width: 767px){.kadence-column5290_2606ba-f2 > .kt-inside-inner-col{flex-direction:column;justify-content:center;}}<\/style>\n<div class=\"wp-block-kadence-column kadence-column5290_2606ba-f2 kvs-sm-false alignfull\"><div class=\"kt-inside-inner-col\"><\/div><\/div>\n\n\n<style>.kadence-column5290_260174-4b{max-width:595px;margin-left:auto;margin-right:auto;}.wp-block-kadence-column.kb-section-dir-horizontal:not(.kb-section-md-dir-vertical)>.kt-inside-inner-col>.kadence-column5290_260174-4b{-webkit-flex:0 1 595px;flex:0 1 595px;max-width:unset;margin-left:unset;margin-right:unset;}.kadence-column5290_260174-4b > .kt-inside-inner-col,.kadence-column5290_260174-4b > .kt-inside-inner-col:before{border-top-left-radius:0px;border-top-right-radius:0px;border-bottom-right-radius:0px;border-bottom-left-radius:0px;}.kadence-column5290_260174-4b > .kt-inside-inner-col{column-gap:var(--global-kb-gap-sm, 1rem);}.kadence-column5290_260174-4b > .kt-inside-inner-col{flex-direction:column;}.kadence-column5290_260174-4b > .kt-inside-inner-col > .aligncenter{width:100%;}.kadence-column5290_260174-4b > .kt-inside-inner-col:before{opacity:0.3;}.kadence-column5290_260174-4b{position:relative;}@media all and (min-width: 1025px){.wp-block-kadence-column.kb-section-dir-horizontal>.kt-inside-inner-col>.kadence-column5290_260174-4b{-webkit-flex:0 1 595px;flex:0 1 595px;max-width:unset;margin-left:unset;margin-right:unset;}}@media all and (max-width: 1024px){.kadence-column5290_260174-4b > .kt-inside-inner-col{flex-direction:column;justify-content:center;}}@media all and (max-width: 767px){.wp-block-kadence-column.kb-section-sm-dir-vertical:not(.kb-section-sm-dir-horizontal):not(.kb-section-sm-dir-specificity)>.kt-inside-inner-col>.kadence-column5290_260174-4b{max-width:595px;-webkit-flex:1;flex:1;margin-left:auto;margin-right:auto;}.kadence-column5290_260174-4b > .kt-inside-inner-col{flex-direction:column;justify-content:center;}}<\/style>\n<div class=\"wp-block-kadence-column kadence-column5290_260174-4b kvs-sm-false pagetitlebox\"><div class=\"kt-inside-inner-col\"><style>.wp-block-kadence-advancedheading.kt-adv-heading5290_0cffce-49, .wp-block-kadence-advancedheading.kt-adv-heading5290_0cffce-49[data-kb-block=\"kb-adv-heading5290_0cffce-49\"]{padding-top:var(--global-kb-spacing-md, 2rem);padding-right:var(--global-kb-spacing-md, 2rem);padding-bottom:var(--global-kb-spacing-md, 2rem);padding-left:var(--global-kb-spacing-md, 2rem);margin-top:-50px;text-align:center;font-style:normal;background-color:#ffffff;border-top-left-radius:20px;border-top-right-radius:20px;border-bottom-right-radius:20px;border-bottom-left-radius:20px;}.wp-block-kadence-advancedheading.kt-adv-heading5290_0cffce-49 mark.kt-highlight, .wp-block-kadence-advancedheading.kt-adv-heading5290_0cffce-49[data-kb-block=\"kb-adv-heading5290_0cffce-49\"] mark.kt-highlight{font-style:normal;color:#f76a0c;-webkit-box-decoration-break:clone;box-decoration-break:clone;padding-top:0px;padding-right:0px;padding-bottom:0px;padding-left:0px;}.wp-block-kadence-advancedheading.kt-adv-heading5290_0cffce-49 img.kb-inline-image, .wp-block-kadence-advancedheading.kt-adv-heading5290_0cffce-49[data-kb-block=\"kb-adv-heading5290_0cffce-49\"] img.kb-inline-image{width:150px;vertical-align:baseline;}<\/style>\n<h2 class=\"kt-adv-heading5290_0cffce-49 wp-block-kadence-advancedheading has-kb-palette-0-color has-text-color\" data-kb-block=\"kb-adv-heading5290_0cffce-49\"><strong><strong>Divulgation d\u2019affiliation<\/strong><\/strong><\/h2>\n<\/div><\/div>\n<\/div><\/div>\n<style>.kadence-column5290_1d8066-49 > .kt-inside-inner-col,.kadence-column5290_1d8066-49 > .kt-inside-inner-col:before{border-top-left-radius:0px;border-top-right-radius:0px;border-bottom-right-radius:0px;border-bottom-left-radius:0px;}.kadence-column5290_1d8066-49 > .kt-inside-inner-col{column-gap:var(--global-kb-gap-sm, 1rem);}.kadence-column5290_1d8066-49 > .kt-inside-inner-col{flex-direction:column;}.kadence-column5290_1d8066-49 > .kt-inside-inner-col > .aligncenter{width:100%;}.kadence-column5290_1d8066-49 > .kt-inside-inner-col:before{opacity:0.3;}.kadence-column5290_1d8066-49{position:relative;}@media all and (max-width: 1024px){.kadence-column5290_1d8066-49 > .kt-inside-inner-col{flex-direction:column;justify-content:center;}}@media all and (max-width: 767px){.kadence-column5290_1d8066-49 > .kt-inside-inner-col{flex-direction:column;justify-content:center;}}<\/style>\n<div class=\"wp-block-kadence-column kadence-column5290_1d8066-49 alignwide\"><div class=\"kt-inside-inner-col\">\n<p>Sur BerninaExpressTickets.com, notre objectif est de fournir un contenu de voyage de haute qualit\u00e9 qui vous aide \u00e0 planifier et \u00e0 profiter de vos voyages. Pour soutenir nos efforts de maintenance et de d\u00e9veloppement de ce site web, nous utilisons des liens d\u2019affiliation dans l\u2019ensemble de notre contenu. Cela signifie que si vous choisissez d\u2019effectuer un achat via certains liens de notre site, nous pouvons percevoir une petite commission. Cela ne vous co\u00fbte rien de plus et nous aide \u00e0 maintenir le contenu gratuit et \u00e0 jour.   <\/p>\n\n\n\n<p><strong>Pourquoi nous utilisons des liens d\u2019affiliation<\/strong><\/p>\n\n\n\n<p>La gestion d\u2019un site web n\u00e9cessite du temps et des ressources, et les partenariats d\u2019affiliation nous permettent de financer le travail que nous accomplissons. Il est important de noter que nous ne recommandons que des produits, des excursions et des services qui, selon nous, apporteront une r\u00e9elle valeur ajout\u00e9e \u00e0 votre exp\u00e9rience de voyage. Nous s\u00e9lectionnons et examinons soigneusement nos partenaires d\u2019affiliation pour nous assurer qu\u2019ils correspondent aux normes et aux int\u00e9r\u00eats de nos lecteurs.  <\/p>\n\n\n\n<p><strong>Partenaires d\u2019affiliation<\/strong><\/p>\n\n\n\n<p>Certains de nos partenaires d\u2019affiliation de confiance incluent :<\/p>\n\n\n\n<ul class=\"wp-block-list\">\n<li>GetYourGuide<\/li>\n\n\n\n<li>Tiqets<\/li>\n\n\n\n<li>Headout<\/li>\n\n\n\n<li>Viator<\/li>\n\n\n\n<li>Platinumlist<\/li>\n\n\n\n<li>Civitatis<\/li>\n\n\n\n<li>Holafly<\/li>\n\n\n\n<li>Booking.com<\/li>\n\n\n\n<li>Megapass<\/li>\n\n\n\n<li>Musement<\/li>\n<\/ul>\n\n\n\n<p>Veuillez noter que nous pouvons mettre \u00e0 jour cette liste \u00e0 mesure que nous \u00e9tablissons des partenariats avec de nouvelles entreprises en lesquelles nous avons confiance et que nous recommandons.<\/p>\n\n\n\n<p><strong>Engagement envers l\u2019honn\u00eatet\u00e9<\/strong><\/p>\n\n\n\n<p>Nous voulons que vous ayez confiance dans les recommandations que nous formulons. Bien que la perception d\u2019une commission aide \u00e0 soutenir notre travail, elle n\u2019influence jamais le contenu, les sujets ou les produits que nous recommandons. Notre priorit\u00e9 absolue est de fournir des informations utiles, honn\u00eates et pr\u00e9cises pour vos voyages. Tout produit ou service que nous approuvons est un produit que nous utiliserions personnellement ou que nous recommanderions \u00e0 nos amis et \u00e0 notre famille.   <\/p>\n\n\n\n<p><strong>Votre soutien compte<\/strong><\/p>\n\n\n\n<p>En utilisant nos liens d\u2019affiliation, vous soutenez le contenu et les ressources que nous proposons ici sur BerninaExpressTickets.com, et nous vous sommes extr\u00eamement reconnaissants de votre confiance et de votre soutien. Cela nous permet de continuer \u00e0 fournir des conseils, des guides et des recommandations qui, nous l\u2019esp\u00e9rons, enrichiront vos aventures de voyage. <\/p>\n<\/div><\/div>\n\n<div style=\"color:#ddd\" class=\"wp-block-genesis-blocks-gb-spacer gb-block-spacer gb-divider-solid gb-divider-size-1\"><hr style=\"height:30px\"><\/div>\n","protected":false},"excerpt":{"rendered":"<p>Divulgation d\u2019affiliation Divulgation d\u2019affiliation Sur BerninaExpressTickets.com, notre objectif est de fournir un contenu de voyage de haute qualit\u00e9 qui vous aide \u00e0 planifier et \u00e0 profiter de vos voyages. Pour soutenir nos efforts de maintenance et de d\u00e9veloppement de ce site web, nous utilisons des liens d\u2019affiliation dans l\u2019ensemble de notre contenu. Cela signifie que [&hellip;]<\/p>\n","protected":false},"author":2,"featured_media":6690,"parent":0,"menu_order":0,"comment_status":"closed","ping_status":"closed","template":"","meta":{"_genesis_hide_title":false,"_genesis_hide_breadcrumbs":false,"_genesis_hide_singular_image":false,"_genesis_hide_footer_widgets":false,"_genesis_custom_body_class":"","_genesis_custom_post_class":"","_genesis_layout":"","footnotes":""},"categories":[],"tags":[],"class_list":{"0":"post-6741","1":"page","2":"type-page","3":"status-publish","4":"has-post-thumbnail","6":"entry"},"featured_image_src":"https:\/\/berninaexpresstickets.com\/wp-content\/uploads\/2024\/06\/Bernina-Express-Tickets-5-600x400.jpg","featured_image_src_square":"https:\/\/berninaexpresstickets.com\/wp-content\/uploads\/2024\/06\/Bernina-Express-Tickets-5-600x600.jpg","_links":{"self":[{"href":"https:\/\/berninaexpresstickets.com\/fr\/wp-json\/wp\/v2\/pages\/6741","targetHints":{"allow":["GET"]}}],"collection":[{"href":"https:\/\/berninaexpresstickets.com\/fr\/wp-json\/wp\/v2\/pages"}],"about":[{"href":"https:\/\/berninaexpresstickets.com\/fr\/wp-json\/wp\/v2\/types\/page"}],"author":[{"embeddable":true,"href":"https:\/\/berninaexpresstickets.com\/fr\/wp-json\/wp\/v2\/users\/2"}],"replies":[{"embeddable":true,"href":"https:\/\/berninaexpresstickets.com\/fr\/wp-json\/wp\/v2\/comments?post=6741"}],"version-history":[{"count":2,"href":"https:\/\/berninaexpresstickets.com\/fr\/wp-json\/wp\/v2\/pages\/6741\/revisions"}],"predecessor-version":[{"id":6743,"href":"https:\/\/berninaexpresstickets.com\/fr\/wp-json\/wp\/v2\/pages\/6741\/revisions\/6743"}],"wp:featuredmedia":[{"embeddable":true,"href":"https:\/\/berninaexpresstickets.com\/fr\/wp-json\/wp\/v2\/media\/6690"}],"wp:attachment":[{"href":"https:\/\/berninaexpresstickets.com\/fr\/wp-json\/wp\/v2\/media?parent=6741"}],"wp:term":[{"taxonomy":"category","embeddable":true,"href":"https:\/\/berninaexpresstickets.com\/fr\/wp-json\/wp\/v2\/categories?post=6741"},{"taxonomy":"post_tag","embeddable":true,"href":"https:\/\/berninaexpresstickets.com\/fr\/wp-json\/wp\/v2\/tags?post=6741"}],"curies":[{"name":"wp","href":"https:\/\/api.w.org\/{rel}","templated":true}]}}