{"id":6085,"date":"2025-12-31T12:21:46","date_gmt":"2025-12-31T12:21:46","guid":{"rendered":"https:\/\/berninaexpresstickets.com\/affiliate-disclosure\/"},"modified":"2026-02-20T11:30:19","modified_gmt":"2026-02-20T11:30:19","slug":"affiliate-disclosure","status":"publish","type":"page","link":"https:\/\/berninaexpresstickets.com\/es\/affiliate-disclosure\/","title":{"rendered":"Divulgaci\u00f3n de afiliados"},"content":{"rendered":"<style>.kadence-column5290_2ae1e7-28 > .kt-inside-inner-col,.kadence-column5290_2ae1e7-28 > .kt-inside-inner-col:before{border-top-left-radius:0px;border-top-right-radius:0px;border-bottom-right-radius:0px;border-bottom-left-radius:0px;}.kadence-column5290_2ae1e7-28 > .kt-inside-inner-col{column-gap:var(--global-kb-gap-sm, 1rem);}.kadence-column5290_2ae1e7-28 > .kt-inside-inner-col{flex-direction:column;}.kadence-column5290_2ae1e7-28 > .kt-inside-inner-col > .aligncenter{width:100%;}.kadence-column5290_2ae1e7-28 > .kt-inside-inner-col:before{opacity:0.3;}.kadence-column5290_2ae1e7-28{position:relative;}@media all and (max-width: 1024px){.kadence-column5290_2ae1e7-28 > .kt-inside-inner-col{flex-direction:column;justify-content:center;}}@media all and (max-width: 767px){.kadence-column5290_2ae1e7-28 > .kt-inside-inner-col{flex-direction:column;justify-content:center;}}<\/style>\n<div class=\"wp-block-kadence-column kadence-column5290_2ae1e7-28 alignfull\"><div class=\"kt-inside-inner-col\"><style>.kadence-column5290_9a60c4-8b > .kt-inside-inner-col{min-height:25vh;}.kadence-column5290_9a60c4-8b > .kt-inside-inner-col,.kadence-column5290_9a60c4-8b > .kt-inside-inner-col:before{border-top-left-radius:0px;border-top-right-radius:0px;border-bottom-right-radius:0px;border-bottom-left-radius:0px;}.kadence-column5290_9a60c4-8b > .kt-inside-inner-col{column-gap:var(--global-kb-gap-sm, 1rem);}.kadence-column5290_9a60c4-8b > .kt-inside-inner-col{flex-direction:column;}.kadence-column5290_9a60c4-8b > .kt-inside-inner-col > .aligncenter{width:100%;}.kadence-column5290_9a60c4-8b > .kt-inside-inner-col{background-image:url('https:\/\/berninaexpresstickets.com\/wp-content\/uploads\/2024\/06\/Bernina-Express-Tickets-5.jpg');background-size:cover;background-position:49% 10%;background-attachment:scroll;background-repeat:no-repeat;}.kadence-column5290_9a60c4-8b > .kt-inside-inner-col:before{opacity:0.3;}.kadence-column5290_9a60c4-8b{position:relative;}@media all and (max-width: 1024px){.kadence-column5290_9a60c4-8b > .kt-inside-inner-col{flex-direction:column;justify-content:center;}}@media all and (max-width: 767px){.kadence-column5290_9a60c4-8b > .kt-inside-inner-col{flex-direction:column;justify-content:center;}}<\/style>\n<div class=\"wp-block-kadence-column kadence-column5290_9a60c4-8b kvs-lg-false kvs-md-false alignfull\"><div class=\"kt-inside-inner-col\"><\/div><\/div>\n\n\n<style>.kadence-column5290_ab68a6-9a{max-width:595px;margin-left:auto;margin-right:auto;}.wp-block-kadence-column.kb-section-dir-horizontal:not(.kb-section-md-dir-vertical)>.kt-inside-inner-col>.kadence-column5290_ab68a6-9a{-webkit-flex:0 1 595px;flex:0 1 595px;max-width:unset;margin-left:unset;margin-right:unset;}.kadence-column5290_ab68a6-9a > .kt-inside-inner-col,.kadence-column5290_ab68a6-9a > .kt-inside-inner-col:before{border-top-left-radius:0px;border-top-right-radius:0px;border-bottom-right-radius:0px;border-bottom-left-radius:0px;}.kadence-column5290_ab68a6-9a > .kt-inside-inner-col{column-gap:var(--global-kb-gap-sm, 1rem);}.kadence-column5290_ab68a6-9a > .kt-inside-inner-col{flex-direction:column;}.kadence-column5290_ab68a6-9a > .kt-inside-inner-col > .aligncenter{width:100%;}.kadence-column5290_ab68a6-9a > .kt-inside-inner-col:before{opacity:0.3;}.kadence-column5290_ab68a6-9a{position:relative;}.kadence-column5290_ab68a6-9a, .kt-inside-inner-col > .kadence-column5290_ab68a6-9a:not(.specificity){margin-right:10vw;margin-left:10vw;}@media all and (min-width: 1025px){.wp-block-kadence-column.kb-section-dir-horizontal>.kt-inside-inner-col>.kadence-column5290_ab68a6-9a{-webkit-flex:0 1 595px;flex:0 1 595px;max-width:unset;margin-left:unset;margin-right:unset;}}@media all and (max-width: 1024px){.kadence-column5290_ab68a6-9a > .kt-inside-inner-col{flex-direction:column;justify-content:center;}}@media all and (max-width: 767px){.wp-block-kadence-column.kb-section-sm-dir-vertical:not(.kb-section-sm-dir-horizontal):not(.kb-section-sm-dir-specificity)>.kt-inside-inner-col>.kadence-column5290_ab68a6-9a{max-width:595px;-webkit-flex:1;flex:1;margin-left:auto;margin-right:auto;}.kadence-column5290_ab68a6-9a > .kt-inside-inner-col{flex-direction:column;justify-content:center;}}<\/style>\n<div class=\"wp-block-kadence-column kadence-column5290_ab68a6-9a kvs-lg-false kvs-md-false pagetitlebox\"><div class=\"kt-inside-inner-col\"><style>.wp-block-kadence-advancedheading.kt-adv-heading5290_274881-ce, .wp-block-kadence-advancedheading.kt-adv-heading5290_274881-ce[data-kb-block=\"kb-adv-heading5290_274881-ce\"]{padding-top:var(--global-kb-spacing-md, 2rem);padding-right:var(--global-kb-spacing-md, 2rem);padding-bottom:var(--global-kb-spacing-md, 2rem);padding-left:var(--global-kb-spacing-md, 2rem);margin-top:-50px;text-align:center;font-size:var(--global-kb-font-size-md, 1.25rem);font-style:normal;background-color:#ffffff;border-top-left-radius:20px;border-top-right-radius:20px;border-bottom-right-radius:20px;border-bottom-left-radius:20px;}.wp-block-kadence-advancedheading.kt-adv-heading5290_274881-ce mark.kt-highlight, .wp-block-kadence-advancedheading.kt-adv-heading5290_274881-ce[data-kb-block=\"kb-adv-heading5290_274881-ce\"] mark.kt-highlight{font-style:normal;color:#f76a0c;-webkit-box-decoration-break:clone;box-decoration-break:clone;padding-top:0px;padding-right:0px;padding-bottom:0px;padding-left:0px;}.wp-block-kadence-advancedheading.kt-adv-heading5290_274881-ce img.kb-inline-image, .wp-block-kadence-advancedheading.kt-adv-heading5290_274881-ce[data-kb-block=\"kb-adv-heading5290_274881-ce\"] img.kb-inline-image{width:150px;vertical-align:baseline;}<\/style>\n<h2 class=\"kt-adv-heading5290_274881-ce wp-block-kadence-advancedheading has-kb-palette-0-color has-text-color\" data-kb-block=\"kb-adv-heading5290_274881-ce\"><strong><strong>Divulgaci\u00f3n de afiliados<\/strong><\/strong><\/h2>\n<\/div><\/div>\n\n\n<style>.kadence-column5290_2606ba-f2 > .kt-inside-inner-col{min-height:45vh;}.kadence-column5290_2606ba-f2 > .kt-inside-inner-col,.kadence-column5290_2606ba-f2 > .kt-inside-inner-col:before{border-top-left-radius:0px;border-top-right-radius:0px;border-bottom-right-radius:0px;border-bottom-left-radius:0px;}.kadence-column5290_2606ba-f2 > .kt-inside-inner-col{column-gap:var(--global-kb-gap-sm, 1rem);}.kadence-column5290_2606ba-f2 > .kt-inside-inner-col{flex-direction:column;}.kadence-column5290_2606ba-f2 > .kt-inside-inner-col > .aligncenter{width:100%;}.kadence-column5290_2606ba-f2 > .kt-inside-inner-col{background-image:url('https:\/\/berninaexpresstickets.com\/wp-content\/uploads\/2024\/06\/Bernina-Express-Tickets-5.jpg');background-size:cover;background-position:49% 10%;background-attachment:scroll;background-repeat:no-repeat;}.kadence-column5290_2606ba-f2 > .kt-inside-inner-col:before{opacity:0.3;}.kadence-column5290_2606ba-f2{position:relative;}@media all and (max-width: 1024px){.kadence-column5290_2606ba-f2 > .kt-inside-inner-col{flex-direction:column;justify-content:center;}}@media all and (max-width: 767px){.kadence-column5290_2606ba-f2 > .kt-inside-inner-col{flex-direction:column;justify-content:center;}}<\/style>\n<div class=\"wp-block-kadence-column kadence-column5290_2606ba-f2 kvs-sm-false alignfull\"><div class=\"kt-inside-inner-col\"><\/div><\/div>\n\n\n<style>.kadence-column5290_260174-4b{max-width:595px;margin-left:auto;margin-right:auto;}.wp-block-kadence-column.kb-section-dir-horizontal:not(.kb-section-md-dir-vertical)>.kt-inside-inner-col>.kadence-column5290_260174-4b{-webkit-flex:0 1 595px;flex:0 1 595px;max-width:unset;margin-left:unset;margin-right:unset;}.kadence-column5290_260174-4b > .kt-inside-inner-col,.kadence-column5290_260174-4b > .kt-inside-inner-col:before{border-top-left-radius:0px;border-top-right-radius:0px;border-bottom-right-radius:0px;border-bottom-left-radius:0px;}.kadence-column5290_260174-4b > .kt-inside-inner-col{column-gap:var(--global-kb-gap-sm, 1rem);}.kadence-column5290_260174-4b > .kt-inside-inner-col{flex-direction:column;}.kadence-column5290_260174-4b > .kt-inside-inner-col > .aligncenter{width:100%;}.kadence-column5290_260174-4b > .kt-inside-inner-col:before{opacity:0.3;}.kadence-column5290_260174-4b{position:relative;}@media all and (min-width: 1025px){.wp-block-kadence-column.kb-section-dir-horizontal>.kt-inside-inner-col>.kadence-column5290_260174-4b{-webkit-flex:0 1 595px;flex:0 1 595px;max-width:unset;margin-left:unset;margin-right:unset;}}@media all and (max-width: 1024px){.kadence-column5290_260174-4b > .kt-inside-inner-col{flex-direction:column;justify-content:center;}}@media all and (max-width: 767px){.wp-block-kadence-column.kb-section-sm-dir-vertical:not(.kb-section-sm-dir-horizontal):not(.kb-section-sm-dir-specificity)>.kt-inside-inner-col>.kadence-column5290_260174-4b{max-width:595px;-webkit-flex:1;flex:1;margin-left:auto;margin-right:auto;}.kadence-column5290_260174-4b > .kt-inside-inner-col{flex-direction:column;justify-content:center;}}<\/style>\n<div class=\"wp-block-kadence-column kadence-column5290_260174-4b kvs-sm-false pagetitlebox\"><div class=\"kt-inside-inner-col\"><style>.wp-block-kadence-advancedheading.kt-adv-heading5290_0cffce-49, .wp-block-kadence-advancedheading.kt-adv-heading5290_0cffce-49[data-kb-block=\"kb-adv-heading5290_0cffce-49\"]{padding-top:var(--global-kb-spacing-md, 2rem);padding-right:var(--global-kb-spacing-md, 2rem);padding-bottom:var(--global-kb-spacing-md, 2rem);padding-left:var(--global-kb-spacing-md, 2rem);margin-top:-50px;text-align:center;font-style:normal;background-color:#ffffff;border-top-left-radius:20px;border-top-right-radius:20px;border-bottom-right-radius:20px;border-bottom-left-radius:20px;}.wp-block-kadence-advancedheading.kt-adv-heading5290_0cffce-49 mark.kt-highlight, .wp-block-kadence-advancedheading.kt-adv-heading5290_0cffce-49[data-kb-block=\"kb-adv-heading5290_0cffce-49\"] mark.kt-highlight{font-style:normal;color:#f76a0c;-webkit-box-decoration-break:clone;box-decoration-break:clone;padding-top:0px;padding-right:0px;padding-bottom:0px;padding-left:0px;}.wp-block-kadence-advancedheading.kt-adv-heading5290_0cffce-49 img.kb-inline-image, .wp-block-kadence-advancedheading.kt-adv-heading5290_0cffce-49[data-kb-block=\"kb-adv-heading5290_0cffce-49\"] img.kb-inline-image{width:150px;vertical-align:baseline;}<\/style>\n<h2 class=\"kt-adv-heading5290_0cffce-49 wp-block-kadence-advancedheading has-kb-palette-0-color has-text-color\" data-kb-block=\"kb-adv-heading5290_0cffce-49\"><strong><strong>Divulgaci\u00f3n de afiliados<\/strong><\/strong><\/h2>\n<\/div><\/div>\n<\/div><\/div>\n<style>.kadence-column5290_1d8066-49 > .kt-inside-inner-col,.kadence-column5290_1d8066-49 > .kt-inside-inner-col:before{border-top-left-radius:0px;border-top-right-radius:0px;border-bottom-right-radius:0px;border-bottom-left-radius:0px;}.kadence-column5290_1d8066-49 > .kt-inside-inner-col{column-gap:var(--global-kb-gap-sm, 1rem);}.kadence-column5290_1d8066-49 > .kt-inside-inner-col{flex-direction:column;}.kadence-column5290_1d8066-49 > .kt-inside-inner-col > .aligncenter{width:100%;}.kadence-column5290_1d8066-49 > .kt-inside-inner-col:before{opacity:0.3;}.kadence-column5290_1d8066-49{position:relative;}@media all and (max-width: 1024px){.kadence-column5290_1d8066-49 > .kt-inside-inner-col{flex-direction:column;justify-content:center;}}@media all and (max-width: 767px){.kadence-column5290_1d8066-49 > .kt-inside-inner-col{flex-direction:column;justify-content:center;}}<\/style>\n<div class=\"wp-block-kadence-column kadence-column5290_1d8066-49 alignwide\"><div class=\"kt-inside-inner-col\">\n<p>En BerninaExpressTickets.com, nuestro objetivo es ofrecer contenido de viajes de alta calidad que te ayude a planificar y disfrutar de tus viajes. Para apoyar nuestros esfuerzos en el mantenimiento y crecimiento de este sitio web, utilizamos enlaces de afiliados en nuestro contenido. Esto significa que si decides realizar una compra a trav\u00e9s de algunos de los enlaces de nuestro sitio, es posible que ganemos una peque\u00f1a comisi\u00f3n. Esto no supone ning\u00fan coste adicional para ti y nos ayuda a mantener el contenido gratuito y actualizado.   <\/p>\n\n\n\n<p><strong>Por qu\u00e9 utilizamos enlaces de afiliados<\/strong><\/p>\n\n\n\n<p>Gestionar un sitio web requiere tiempo y recursos, y las asociaciones de afiliados nos permiten financiar el trabajo que realizamos. Es importante destacar que solo recomendamos productos, tours y servicios que creemos sinceramente que aportar\u00e1n valor a tu experiencia de viaje. Seleccionamos y revisamos cuidadosamente a nuestros socios afiliados para asegurarnos de que se ajustan a los est\u00e1ndares e intereses de nuestros lectores.  <\/p>\n\n\n\n<p><strong>Socios afiliados<\/strong><\/p>\n\n\n\n<p>Algunos de nuestros socios afiliados de confianza incluyen:<\/p>\n\n\n\n<ul class=\"wp-block-list\">\n<li>GetYourGuide<\/li>\n\n\n\n<li>Tiqets<\/li>\n\n\n\n<li>Headout<\/li>\n\n\n\n<li>Viator<\/li>\n\n\n\n<li>Platinumlist<\/li>\n\n\n\n<li>Civitatis<\/li>\n\n\n\n<li>Holafly<\/li>\n\n\n\n<li>Booking.com<\/li>\n\n\n\n<li>Megapass<\/li>\n\n\n\n<li>Musement<\/li>\n<\/ul>\n\n\n\n<p>Ten en cuenta que podemos actualizar esta lista a medida que nos asociemos con nuevas empresas en las que confiemos y recomendemos.<\/p>\n\n\n\n<p><strong>Compromiso con la honestidad<\/strong><\/p>\n\n\n\n<p>Queremos que te sientas seguro con las recomendaciones que hacemos. Aunque ganar una comisi\u00f3n ayuda a mantener nuestro trabajo, esto nunca influye en el contenido, los temas o los productos que recomendamos. Nuestro enfoque principal es proporcionar informaci\u00f3n \u00fatil, honesta y precisa para tus viajes. Cualquier producto o servicio que respaldamos es algo que usar\u00edamos personalmente o recomendar\u00edamos a amigos y familiares.   <\/p>\n\n\n\n<p><strong>Tu apoyo es importante<\/strong><\/p>\n\n\n\n<p>Al utilizar nuestros enlaces de afiliados, est\u00e1s apoyando el contenido y los recursos que ofrecemos aqu\u00ed en BerninaExpressTickets.com, y estamos incre\u00edblemente agradecidos por tu confianza y apoyo. Esto nos permite seguir ofreciendo consejos, gu\u00edas y recomendaciones que esperamos mejoren tus aventuras de viaje. <\/p>\n<\/div><\/div>\n\n<div style=\"color:#ddd\" class=\"wp-block-genesis-blocks-gb-spacer gb-block-spacer gb-divider-solid gb-divider-size-1\"><hr style=\"height:30px\"><\/div>\n","protected":false},"excerpt":{"rendered":"<p>Divulgaci\u00f3n de afiliados Divulgaci\u00f3n de afiliados En BerninaExpressTickets.com, nuestro objetivo es ofrecer contenido de viajes de alta calidad que te ayude a planificar y disfrutar de tus viajes. Para apoyar nuestros esfuerzos en el mantenimiento y crecimiento de este sitio web, utilizamos enlaces de afiliados en nuestro contenido. Esto significa que si decides realizar una [&hellip;]<\/p>\n","protected":false},"author":2,"featured_media":6075,"parent":0,"menu_order":0,"comment_status":"closed","ping_status":"closed","template":"","meta":{"_genesis_hide_title":false,"_genesis_hide_breadcrumbs":false,"_genesis_hide_singular_image":false,"_genesis_hide_footer_widgets":false,"_genesis_custom_body_class":"","_genesis_custom_post_class":"","_genesis_layout":"","footnotes":""},"categories":[],"tags":[],"class_list":{"0":"post-6085","1":"page","2":"type-page","3":"status-publish","4":"has-post-thumbnail","6":"entry"},"featured_image_src":"https:\/\/berninaexpresstickets.com\/wp-content\/uploads\/2024\/06\/Bernina-Express-Tickets-5-600x400.jpg","featured_image_src_square":"https:\/\/berninaexpresstickets.com\/wp-content\/uploads\/2024\/06\/Bernina-Express-Tickets-5-600x600.jpg","_links":{"self":[{"href":"https:\/\/berninaexpresstickets.com\/es\/wp-json\/wp\/v2\/pages\/6085","targetHints":{"allow":["GET"]}}],"collection":[{"href":"https:\/\/berninaexpresstickets.com\/es\/wp-json\/wp\/v2\/pages"}],"about":[{"href":"https:\/\/berninaexpresstickets.com\/es\/wp-json\/wp\/v2\/types\/page"}],"author":[{"embeddable":true,"href":"https:\/\/berninaexpresstickets.com\/es\/wp-json\/wp\/v2\/users\/2"}],"replies":[{"embeddable":true,"href":"https:\/\/berninaexpresstickets.com\/es\/wp-json\/wp\/v2\/comments?post=6085"}],"version-history":[{"count":2,"href":"https:\/\/berninaexpresstickets.com\/es\/wp-json\/wp\/v2\/pages\/6085\/revisions"}],"predecessor-version":[{"id":6087,"href":"https:\/\/berninaexpresstickets.com\/es\/wp-json\/wp\/v2\/pages\/6085\/revisions\/6087"}],"wp:featuredmedia":[{"embeddable":true,"href":"https:\/\/berninaexpresstickets.com\/es\/wp-json\/wp\/v2\/media\/6075"}],"wp:attachment":[{"href":"https:\/\/berninaexpresstickets.com\/es\/wp-json\/wp\/v2\/media?parent=6085"}],"wp:term":[{"taxonomy":"category","embeddable":true,"href":"https:\/\/berninaexpresstickets.com\/es\/wp-json\/wp\/v2\/categories?post=6085"},{"taxonomy":"post_tag","embeddable":true,"href":"https:\/\/berninaexpresstickets.com\/es\/wp-json\/wp\/v2\/tags?post=6085"}],"curies":[{"name":"wp","href":"https:\/\/api.w.org\/{rel}","templated":true}]}}